{"id":166,"date":"2014-02-13T13:57:59","date_gmt":"2014-02-13T12:57:59","guid":{"rendered":"http:\/\/reissiger-stiftung.de\/?page_id=166"},"modified":"2014-02-13T13:57:59","modified_gmt":"2014-02-13T12:57:59","slug":"kreiser-einleitung","status":"publish","type":"page","link":"https:\/\/reissiger-carl-gottlieb.de\/?page_id=166","title":{"rendered":"Kreiser, Einleitung"},"content":{"rendered":"<div class=\"notiz-m\">Die Biographie von Kreiser, 1918 als Doktorarbeit geschrieben, ist die einzige ausf\u00fchrliche, die bisher erschienen ist.<br \/>\nSie ist zu umfangreich (ohne Anhang 110 Seiten), um sie hier komplett wiederzugeben! &#8211; Ich werde mich auf Ausz\u00fcge beschr\u00e4nken, die besonders interessant scheinen.<br \/>\n(Ch. Hildebrand)<\/div>\n<div class=\"notiz-s\">auf Seite 1:<\/div>\n<h2 style=\"text-align: center;\"><b>Carl Gottlieb Reissiger<\/b><\/h2>\n<h3 style=\"text-align: center;\">Sein Leben<br \/>\nnebst eingen Beitr\u00e4gen zur Geschichte des Konzertwesens in Dresden<\/h3>\n<p>Wenn man sich mit dem Leben einzelner K\u00fcnstler aus der ersten H\u00e4lfte des 19. Jahrhunderts, der an musikalischen Individualit\u00e4ten vielleicht reichsten Zeit der Musikgeschichte, eingehender befa\u00dft, so wird einem ein Name immer wieder begegnen, der in das Leben aller hineingespielt hat, der C. G. Reissigers, und er ist es daher wert, da\u00df man auch ihm eine n\u00e4here Betrachtung schenkt. Reissigers au\u00dferordentliche Popularit\u00e4t bei seinen Zeitgenossen kann nicht befremden, wenn man bedenkt, da\u00df er ein Menschenalter hindurch das musikalische Oberhaupt von Dresden, einer Stadt, welche von jeher in der Musikgeschichte eine Rolle spielt, gewesen ist, also mit allen nur einigerma\u00dfen bedeutenderen K\u00fcnstlern, die Dresden besuchten, F\u00fchlung bekam; und da\u00df er au\u00dferdem ein vielseitiger, fruchtbarer Komponist war, der schnell beim Publikum Eingang gefunden hatte. Wir haben aber sogar die Pflicht, uns mit ihm zu besch\u00e4ftigen, denn er hat bisher das Ungl\u00fcck gehabt, in einseitiger Beleuchtung in der Musikgeschichte dazustehen, w\u00e4hrend die Geschichte jedem zu seinem ihm zukommenden Rechte zu verhelfen hat. Reissiger hat das tragische Schicksal gehabt, gerade auf sonniger H\u00f6he in den Schatten eines Gr\u00f6\u00dferen, Richard Wagners, treten zu m\u00fcssen, der seinem nicht immer gerechtfertigten Urteil, infolge seiner \u00fcberragenden k\u00fcnstlerischen Gr\u00f6\u00dfe, eine solche Macht verleihen konnte, da\u00df die Welt alle anderen Urteile verga\u00df und Reissiger nur noch durch die Brille Richard Wagner gesehen hat. Wir werden finden, da\u00df er, in freierem Lichte gesehen, auch ein verehrungsvs\u00fcrdiger, deutscher K\u00fcnstler war, der in seinem Amte nicht unwesentlich einer deutschen Sache mit zum Siege verhalf, der deutschen Oper im Kampfe mit der italienischen.<\/p>\n","protected":false},"excerpt":{"rendered":"<p>Die Biographie von Kreiser, 1918 als Doktorarbeit geschrieben, ist die einzige ausf\u00fchrliche, die bisher erschienen ist. Sie ist zu umfangreich (ohne Anhang 110 Seiten), um sie hier komplett wiederzugeben! &#8211; Ich werde mich auf Ausz\u00fcge beschr\u00e4nken, die besonders interessant scheinen. (Ch. Hildebrand) auf Seite 1: Carl Gottlieb Reissiger Sein Leben nebst eingen Beitr\u00e4gen zur Geschichte [&hellip;]<\/p>\n","protected":false},"author":2,"featured_media":0,"parent":0,"menu_order":0,"comment_status":"closed","ping_status":"closed","template":"","meta":[],"_links":{"self":[{"href":"https:\/\/reissiger-carl-gottlieb.de\/index.php?rest_route=\/wp\/v2\/pages\/166"}],"collection":[{"href":"https:\/\/reissiger-carl-gottlieb.de\/index.php?rest_route=\/wp\/v2\/pages"}],"about":[{"href":"https:\/\/reissiger-carl-gottlieb.de\/index.php?rest_route=\/wp\/v2\/types\/page"}],"author":[{"embeddable":true,"href":"https:\/\/reissiger-carl-gottlieb.de\/index.php?rest_route=\/wp\/v2\/users\/2"}],"replies":[{"embeddable":true,"href":"https:\/\/reissiger-carl-gottlieb.de\/index.php?rest_route=%2Fwp%2Fv2%2Fcomments&post=166"}],"version-history":[{"count":0,"href":"https:\/\/reissiger-carl-gottlieb.de\/index.php?rest_route=\/wp\/v2\/pages\/166\/revisions"}],"wp:attachment":[{"href":"https:\/\/reissiger-carl-gottlieb.de\/index.php?rest_route=%2Fwp%2Fv2%2Fmedia&parent=166"}],"curies":[{"name":"wp","href":"https:\/\/api.w.org\/{rel}","templated":true}]}}