{"id":395,"date":"2015-02-09T19:28:18","date_gmt":"2015-02-09T18:28:18","guid":{"rendered":"http:\/\/reissiger-carl-gottlieb.de\/?page_id=395"},"modified":"2015-02-16T16:53:06","modified_gmt":"2015-02-16T15:53:06","slug":"zureiteilung","status":"publish","type":"page","link":"https:\/\/reissiger-carl-gottlieb.de\/?page_id=395","title":{"rendered":"Zur Einteilung"},"content":{"rendered":"<p>Zwar gibt es eine ganze Reihe von M\u00f6glichkeiten im Internet, Informationen \u00fcber Reissiger zu finden, und wenn auch in den letzten Jahren viel neu erfasst worden ist, wo bleibt doch festzustellen: Die Informationen sind oft ungenau und unvollst\u00e4ndig, und oft finden sich Dopplungen, die nicht sofort erkannbar sind. Daher habe ich mich in den letzten 2 Jahren bem\u00fcht, alle greifbaren Infos zu sammeln zu ordnen und &#8211; soweit m\u00f6glich &#8211; zu verifizieren; und ich kann das Ergebnis nunmehr \u00f6ffentlich machen.<\/p>\n<p>Das Werk Reissigers ist sehr umfangreich: Neben den mehr als 200 Werken mit Opus-Nummer &#8211; wobei besonders in den fr\u00fchen Jahren auch Nummern von den Verlegern mehrfach vergeben worden sind &#8211; gibt es viele Werke ohne Opus &#8211; gedruckt und ungedruckt -, mehr als gedacht! Damit die Tabellen nicht endlos werden, habe ich unterteilt in:<\/p>\n<ol>\n<li>&#8212; Werke mit Opus<\/li>\n<li>&#8212; Werke ohne Opus<\/li>\n<li>&#8212; Nicht zugeordnete Werke<\/li>\n<li>&#8212; Lieder<\/li>\n<li>&#8212; nicht zugeordnete Lieder<\/li>\n<\/ol>\n<p>Die Tabelle &#8220;Lieder&#8221; enth\u00e4lt nochmals die Liedersammlungen (und Einzellieder), jedoch mit Einzeltitel, Textanf\u00e4ngen und Autoren, soweit ich sie bisher habe ermitteln k\u00f6nnen.<\/p>\n<p>Vollst\u00e4ndig sind die Tabellen keinesfalls; auch d\u00fcrften Irrt\u00fcmer enthalten sein. Da bin ich f\u00fcr jeden Erg\u00e4nzungs- und Korrekturvorschlg dankbar.<\/p>\n<p>Eine kleine Liste der f\u00fcr Bibliotheken und Institutionen verwendeten Abk\u00fcrzungen vervollst\u00e4ndigt diesen Teil.<\/p>\n","protected":false},"excerpt":{"rendered":"<p>Zwar gibt es eine ganze Reihe von M\u00f6glichkeiten im Internet, Informationen \u00fcber Reissiger zu finden, und wenn auch in den letzten Jahren viel neu erfasst worden ist, wo bleibt doch festzustellen: Die Informationen sind oft ungenau und unvollst\u00e4ndig, und oft finden sich Dopplungen, die nicht sofort erkannbar sind. Daher habe ich mich in den letzten [&hellip;]<\/p>\n","protected":false},"author":1,"featured_media":0,"parent":0,"menu_order":0,"comment_status":"closed","ping_status":"closed","template":"","meta":[],"_links":{"self":[{"href":"https:\/\/reissiger-carl-gottlieb.de\/index.php?rest_route=\/wp\/v2\/pages\/395"}],"collection":[{"href":"https:\/\/reissiger-carl-gottlieb.de\/index.php?rest_route=\/wp\/v2\/pages"}],"about":[{"href":"https:\/\/reissiger-carl-gottlieb.de\/index.php?rest_route=\/wp\/v2\/types\/page"}],"author":[{"embeddable":true,"href":"https:\/\/reissiger-carl-gottlieb.de\/index.php?rest_route=\/wp\/v2\/users\/1"}],"replies":[{"embeddable":true,"href":"https:\/\/reissiger-carl-gottlieb.de\/index.php?rest_route=%2Fwp%2Fv2%2Fcomments&post=395"}],"version-history":[{"count":11,"href":"https:\/\/reissiger-carl-gottlieb.de\/index.php?rest_route=\/wp\/v2\/pages\/395\/revisions"}],"predecessor-version":[{"id":460,"href":"https:\/\/reissiger-carl-gottlieb.de\/index.php?rest_route=\/wp\/v2\/pages\/395\/revisions\/460"}],"wp:attachment":[{"href":"https:\/\/reissiger-carl-gottlieb.de\/index.php?rest_route=%2Fwp%2Fv2%2Fmedia&parent=395"}],"curies":[{"name":"wp","href":"https:\/\/api.w.org\/{rel}","templated":true}]}}