{"id":88,"date":"2013-12-09T14:35:45","date_gmt":"2013-12-09T13:35:45","guid":{"rendered":"http:\/\/reissiger-stiftung.de\/?page_id=88"},"modified":"2015-02-17T15:41:24","modified_gmt":"2015-02-17T14:41:24","slug":"der-name","status":"publish","type":"page","link":"https:\/\/reissiger-carl-gottlieb.de\/?page_id=88","title":{"rendered":"Der Name Reissiger"},"content":{"rendered":"<p>Worum geht es? &#8211; Soll der Name Carl Gottliebs mit &#8216;<span style=\"color: #008000;\"><b>\u00df<\/b>&#8216;<\/span> oder mit &#8216;<span style=\"color: #008000;\"><b>ss<\/b><\/span>&#8216; geschrieben werden? F\u00fcr beide Schreibweisen lassen sich Argumente finden:<\/p>\n<p>A) In der Geburtsstadt Reissigers, dem heutigen Bad Belzig, gibt es eine Rei<span style=\"color: #008000;\"><b>\u00df<\/b><\/span>iger-Stra\u00dfe. In dieser Schreibweise ist der Name den Belzigern gel\u00e4ufig! Und folglich wurden vor etlichen Jahren sowohl die <span style=\"text-decoration: underline;\">Carl-Gottlieb-Rei\u00dfiger-Stiftung<\/span> als auch die <span style=\"text-decoration: underline;\">Carl-Gottlieb-Rei\u00dfiger-Gesellschaft<\/span> &#8211; beide von Belzigern in Belzig gegr\u00fcndet &#8211; mit dieser Schreibweise in die entsprechenden Register eingetragen.<\/p>\n<div class=\"bild-links\"><img loading=\"lazy\" src=\"http:\/\/reissiger-carl-gottlieb.de\/wp-content\/uploads\/2015\/02\/reiss-grab-a.jpg\" alt=\"Reissigers Grab\" width=\"220\" height=\"274\" \/><\/p>\n<p class=\"pmin\">Reissigers Grab auf dem Neust\u00e4dtischen Friedhof in Dresden<\/p>\n<p class=\"psub\">(Quelle: Wikipedia)<\/p>\n<\/div>\n<p>B) Von Anfang an wurden alle gedruckten Werke (auch heutige Neuausgaben) mit dem Namen Rei<span style=\"color: #008000;\"><b>ss<\/b><\/span>iger ver\u00f6ffentlicht. So steht es auch auf der Tafel an seinem Geburtshaus und auf seinem Grabstein in Dresden. So wurde der Name auch in Artikeln \u00fcber ihn geschrieben. &#8211; Wie er selbst seinen Namen geschrieben hat, ist auf dem Kopfbild dieser Seite zu sehen.<\/p>\n<p>Der Bearbeiter dieser Homepage ist der Auffassung, dass die urspr\u00fcngliche Schreibweise die angemessene ist, und wird sie konsequent verwenden. &#8211; Unber\u00fchrt bleibt davon die Schreibung der Namen von Stiftung und Gesellschaft, da sie nun einmal so eingetragen sind (Eine Namens\u00e4nderung ist nicht ohne weiteres m\u00f6glich).<\/p>\n","protected":false},"excerpt":{"rendered":"<p>Worum geht es? &#8211; Soll der Name Carl Gottliebs mit &#8216;\u00df&#8216; oder mit &#8216;ss&#8216; geschrieben werden? F\u00fcr beide Schreibweisen lassen sich Argumente finden: A) In der Geburtsstadt Reissigers, dem heutigen Bad Belzig, gibt es eine Rei\u00dfiger-Stra\u00dfe. In dieser Schreibweise ist der Name den Belzigern gel\u00e4ufig! Und folglich wurden vor etlichen Jahren sowohl die Carl-Gottlieb-Rei\u00dfiger-Stiftung als [&hellip;]<\/p>\n","protected":false},"author":2,"featured_media":0,"parent":0,"menu_order":0,"comment_status":"open","ping_status":"open","template":"","meta":[],"_links":{"self":[{"href":"https:\/\/reissiger-carl-gottlieb.de\/index.php?rest_route=\/wp\/v2\/pages\/88"}],"collection":[{"href":"https:\/\/reissiger-carl-gottlieb.de\/index.php?rest_route=\/wp\/v2\/pages"}],"about":[{"href":"https:\/\/reissiger-carl-gottlieb.de\/index.php?rest_route=\/wp\/v2\/types\/page"}],"author":[{"embeddable":true,"href":"https:\/\/reissiger-carl-gottlieb.de\/index.php?rest_route=\/wp\/v2\/users\/2"}],"replies":[{"embeddable":true,"href":"https:\/\/reissiger-carl-gottlieb.de\/index.php?rest_route=%2Fwp%2Fv2%2Fcomments&post=88"}],"version-history":[{"count":3,"href":"https:\/\/reissiger-carl-gottlieb.de\/index.php?rest_route=\/wp\/v2\/pages\/88\/revisions"}],"predecessor-version":[{"id":465,"href":"https:\/\/reissiger-carl-gottlieb.de\/index.php?rest_route=\/wp\/v2\/pages\/88\/revisions\/465"}],"wp:attachment":[{"href":"https:\/\/reissiger-carl-gottlieb.de\/index.php?rest_route=%2Fwp%2Fv2%2Fmedia&parent=88"}],"curies":[{"name":"wp","href":"https:\/\/api.w.org\/{rel}","templated":true}]}}