{"id":90,"date":"2015-01-28T17:40:53","date_gmt":"2015-01-28T17:40:53","guid":{"rendered":"http:\/\/reissiger-stiftung.de\/?page_id=6"},"modified":"2015-02-17T15:43:24","modified_gmt":"2015-02-17T14:43:24","slug":"start-2","status":"publish","type":"page","link":"https:\/\/reissiger-carl-gottlieb.de\/?page_id=90","title":{"rendered":"Zu dieser Seite"},"content":{"rendered":"<p>Herzlich willkommen auf dieser Seite, die so umfassend als m\u00f6glich \u00fcber Leben und Werk von Carl Gottlieb Reissiger informieren will!<\/p>\n<p>Entsprechende Punkte finden Sie im Seitenmenu.<\/p>\n<p>\u00dcber das Kopfmenu erreichen Sie Mitteilungen \u00fcber Neuerscheinungen zu Reissigers Werk sowie Information \u00fcber Auff\u00fchrungen der Musik Reissigers.<\/p>\n<p>Au\u00dferdem finden sie dort die Direktlinks zu zwei Einrichtungen, die sich die Wiederentdeckung und Verbreitung des umfangreichen Werkes von Reissiger zum Ziel gesetzt haben.<\/p>\n<p>&nbsp;<\/p>\n<p>&nbsp;<\/p>\n","protected":false},"excerpt":{"rendered":"<p>Herzlich willkommen auf dieser Seite, die so umfassend als m\u00f6glich \u00fcber Leben und Werk von Carl Gottlieb Reissiger informieren will! Entsprechende Punkte finden Sie im Seitenmenu. \u00dcber das Kopfmenu erreichen Sie Mitteilungen \u00fcber Neuerscheinungen zu Reissigers Werk sowie Information \u00fcber Auff\u00fchrungen der Musik Reissigers. Au\u00dferdem finden sie dort die Direktlinks zu zwei Einrichtungen, die sich [&hellip;]<\/p>\n","protected":false},"author":2,"featured_media":0,"parent":0,"menu_order":0,"comment_status":"open","ping_status":"open","template":"","meta":[],"_links":{"self":[{"href":"https:\/\/reissiger-carl-gottlieb.de\/index.php?rest_route=\/wp\/v2\/pages\/90"}],"collection":[{"href":"https:\/\/reissiger-carl-gottlieb.de\/index.php?rest_route=\/wp\/v2\/pages"}],"about":[{"href":"https:\/\/reissiger-carl-gottlieb.de\/index.php?rest_route=\/wp\/v2\/types\/page"}],"author":[{"embeddable":true,"href":"https:\/\/reissiger-carl-gottlieb.de\/index.php?rest_route=\/wp\/v2\/users\/2"}],"replies":[{"embeddable":true,"href":"https:\/\/reissiger-carl-gottlieb.de\/index.php?rest_route=%2Fwp%2Fv2%2Fcomments&post=90"}],"version-history":[{"count":2,"href":"https:\/\/reissiger-carl-gottlieb.de\/index.php?rest_route=\/wp\/v2\/pages\/90\/revisions"}],"predecessor-version":[{"id":466,"href":"https:\/\/reissiger-carl-gottlieb.de\/index.php?rest_route=\/wp\/v2\/pages\/90\/revisions\/466"}],"wp:attachment":[{"href":"https:\/\/reissiger-carl-gottlieb.de\/index.php?rest_route=%2Fwp%2Fv2%2Fmedia&parent=90"}],"curies":[{"name":"wp","href":"https:\/\/api.w.org\/{rel}","templated":true}]}}